{"id":1299,"date":"2022-05-09T09:08:12","date_gmt":"2022-05-09T09:08:12","guid":{"rendered":"https:\/\/webredox.net\/demo\/wp\/bauen\/light\/el\/multi\/demo1\/?page_id=1299"},"modified":"2024-02-23T14:42:00","modified_gmt":"2024-02-23T14:42:00","slug":"projets","status":"publish","type":"page","link":"https:\/\/cassocies.com\/en\/projets\/","title":{"rendered":"projects"},"content":{"rendered":"<div data-elementor-type=\"wp-page\" data-elementor-id=\"1299\" class=\"elementor elementor-1299\">\n\t\t\t\t\t\t\t\t\t<section class=\"elementor-section elementor-top-section elementor-element elementor-element-7e6b2ee elementor-section-boxed elementor-section-height-default elementor-section-height-default\" data-id=\"7e6b2ee\" data-element_type=\"section\">\n\t\t\t\t\t\t<div class=\"elementor-container elementor-column-gap-default\">\n\t\t\t\t\t<div class=\"elementor-column elementor-col-33 elementor-top-column elementor-element elementor-element-2cf861e\" data-id=\"2cf861e\" data-element_type=\"column\">\n\t\t\t<div class=\"elementor-widget-wrap\">\n\t\t\t\t\t\t\t\t\t<\/div>\n\t\t<\/div>\n\t\t\t\t<div class=\"elementor-column elementor-col-33 elementor-top-column elementor-element elementor-element-282687a\" data-id=\"282687a\" data-element_type=\"column\">\n\t\t\t<div class=\"elementor-widget-wrap elementor-element-populated\">\n\t\t\t\t\t\t\t\t<div class=\"elementor-element elementor-element-6d4675d elementor-widget elementor-widget-spacer\" data-id=\"6d4675d\" data-element_type=\"widget\" data-widget_type=\"spacer.default\">\n\t\t\t\t<div class=\"elementor-widget-container\">\n\t\t\t<style>\/*! elementor - v3.13.3 - 28-05-2023 *\/\n.elementor-column .elementor-spacer-inner{height:var(--spacer-size)}.e-con{--container-widget-width:100%}.e-con-inner>.elementor-widget-spacer,.e-con>.elementor-widget-spacer{width:var(--container-widget-width,var(--spacer-size));--align-self:var(--container-widget-align-self,initial);--flex-shrink:0}.e-con-inner>.elementor-widget-spacer>.elementor-widget-container,.e-con-inner>.elementor-widget-spacer>.elementor-widget-container>.elementor-spacer,.e-con>.elementor-widget-spacer>.elementor-widget-container,.e-con>.elementor-widget-spacer>.elementor-widget-container>.elementor-spacer{height:100%}.e-con-inner>.elementor-widget-spacer>.elementor-widget-container>.elementor-spacer>.elementor-spacer-inner,.e-con>.elementor-widget-spacer>.elementor-widget-container>.elementor-spacer>.elementor-spacer-inner{height:var(--container-widget-height,var(--spacer-size))}<\/style>\t\t<div class=\"elementor-spacer\">\n\t\t\t<div class=\"elementor-spacer-inner\"><\/div>\n\t\t<\/div>\n\t\t\t\t<\/div>\n\t\t\t\t<\/div>\n\t\t\t\t<div class=\"elementor-element elementor-element-e951bed elementor-widget elementor-widget-heading\" data-id=\"e951bed\" data-element_type=\"widget\" data-widget_type=\"heading.default\">\n\t\t\t\t<div class=\"elementor-widget-container\">\n\t\t\t<style>\/*! elementor - v3.13.3 - 28-05-2023 *\/\n.elementor-heading-title{padding:0;margin:0;line-height:1}.elementor-widget-heading .elementor-heading-title[class*=elementor-size-]>a{color:inherit;font-size:inherit;line-height:inherit}.elementor-widget-heading .elementor-heading-title.elementor-size-small{font-size:15px}.elementor-widget-heading .elementor-heading-title.elementor-size-medium{font-size:19px}.elementor-widget-heading .elementor-heading-title.elementor-size-large{font-size:29px}.elementor-widget-heading .elementor-heading-title.elementor-size-xl{font-size:39px}.elementor-widget-heading .elementor-heading-title.elementor-size-xxl{font-size:59px}<\/style><h2 class=\"elementor-heading-title elementor-size-default\">OUR PROJECTS<\/h2>\t\t<\/div>\n\t\t\t\t<\/div>\n\t\t\t\t<div class=\"elementor-element elementor-element-87a4c71 elementor-widget elementor-widget-heading\" data-id=\"87a4c71\" data-element_type=\"widget\" data-widget_type=\"heading.default\">\n\t\t\t\t<div class=\"elementor-widget-container\">\n\t\t\t<h2 class=\"elementor-heading-title elementor-size-xl\"><br>EN VENTE - PROJET - PULSE<\/h2>\t\t<\/div>\n\t\t\t\t<\/div>\n\t\t\t\t<div class=\"elementor-element elementor-element-0f3d73d elementor-widget elementor-widget-video\" data-id=\"0f3d73d\" data-element_type=\"widget\" data-settings=\"{&quot;video_type&quot;:&quot;hosted&quot;,&quot;play_on_mobile&quot;:&quot;yes&quot;,&quot;show_image_overlay&quot;:&quot;yes&quot;,&quot;image_overlay&quot;:{&quot;url&quot;:&quot;https:\\\/\\\/cassocies.com\\\/wp-content\\\/uploads\\\/2024\\\/02\\\/BELVAL_PULSE_LOGO-V1.png&quot;,&quot;id&quot;:4501,&quot;size&quot;:&quot;&quot;,&quot;alt&quot;:&quot;&quot;,&quot;source&quot;:&quot;library&quot;}}\" data-widget_type=\"video.default\">\n\t\t\t\t<div class=\"elementor-widget-container\">\n\t\t\t<style>\/*! elementor - v3.13.3 - 28-05-2023 *\/\n.elementor-widget-video .elementor-widget-container{overflow:hidden;transform:translateZ(0)}.elementor-widget-video .elementor-wrapper{aspect-ratio:var(--video-aspect-ratio)}.elementor-widget-video .elementor-wrapper iframe,.elementor-widget-video .elementor-wrapper video{height:100%;width:100%;display:flex;border:none;background-color:#000}@supports not (aspect-ratio:1\/1){.elementor-widget-video .elementor-wrapper{position:relative;overflow:hidden;height:0;padding-bottom:calc(100% \/ var(--video-aspect-ratio))}.elementor-widget-video .elementor-wrapper iframe,.elementor-widget-video .elementor-wrapper video{position:absolute;top:0;right:0;bottom:0;left:0}}.elementor-widget-video .elementor-open-inline .elementor-custom-embed-image-overlay{position:absolute;top:0;left:0;width:100%;height:100%;background-size:cover;background-position:50%}.elementor-widget-video .elementor-custom-embed-image-overlay{cursor:pointer;text-align:center}.elementor-widget-video .elementor-custom-embed-image-overlay:hover .elementor-custom-embed-play i{opacity:1}.elementor-widget-video .elementor-custom-embed-image-overlay img{display:block;width:100%}.elementor-widget-video .e-hosted-video .elementor-video{-o-object-fit:cover;object-fit:cover}.e-con-inner>.elementor-widget-video,.e-con>.elementor-widget-video{width:var(--container-widget-width);--flex-grow:var(--container-widget-flex-grow)}<\/style>\t\t<div class=\"e-hosted-video elementor-wrapper elementor-open-inline\">\n\t\t\t\t\t<video class=\"elementor-video\" src=\"https:\/\/cassocies.com\/wp-content\/uploads\/2024\/02\/Belval_Animation_courte_V3.mp4\" playsinline=\"\" controlslist=\"nodownload\" poster=\"https:\/\/cassocies.com\/wp-content\/uploads\/2024\/02\/BELVAL_PULSE_LOGO-V1.png\"><\/video>\n\t\t\t\t\t\t<div class=\"elementor-custom-embed-image-overlay\" style=\"background-image: url(https:\/\/cassocies.com\/wp-content\/uploads\/2024\/02\/BELVAL_PULSE_LOGO-V1.png);\">\n\t\t\t\t\t\t\t\t\t\t\t\t\t\t\t\t<div class=\"elementor-custom-embed-play\" role=\"button\" aria-label=\"Play Video\" tabindex=\"0\">\n\t\t\t\t\t\t\t<i aria-hidden=\"true\" class=\"eicon-play\"><\/i>\t\t\t\t\t\t\t<span class=\"elementor-screen-only\">Play Video<\/span>\n\t\t\t\t\t\t<\/div>\n\t\t\t\t\t\t\t\t\t<\/div>\n\t\t\t\t\t<\/div>\n\t\t\t\t<\/div>\n\t\t\t\t<\/div>\n\t\t\t\t<div class=\"elementor-element elementor-element-9b6ce29 elementor-mobile-align-center elementor-widget elementor-widget-button\" data-id=\"9b6ce29\" data-element_type=\"widget\" data-widget_type=\"button.default\">\n\t\t\t\t<div class=\"elementor-widget-container\">\n\t\t\t\t\t<div class=\"elementor-button-wrapper\">\n\t\t\t<a href=\"https:\/\/pulse-belval.lu\/\" class=\"elementor-button-link elementor-button elementor-size-md\" role=\"button\">\n\t\t\t\t\t\t<span class=\"elementor-button-content-wrapper\">\n\t\t\t\t\t\t<span class=\"elementor-button-text\">KNOW MORE<\/span>\n\t\t<\/span>\n\t\t\t\t\t<\/a>\n\t\t<\/div>\n\t\t\t\t<\/div>\n\t\t\t\t<\/div>\n\t\t\t\t<div class=\"elementor-element elementor-element-0b0afcb elementor-widget__width-inherit elementor-widget elementor-widget-bauen-portfolio-list\" data-id=\"0b0afcb\" data-element_type=\"widget\" data-widget_type=\"bauen-portfolio-list.default\">\n\t\t\t\t<div class=\"elementor-widget-container\">\n\t\t\t\n\t\t<div class=\"bauen-project\">\n\t\t\t<div class=\"container-after-list\">\n\t\t\t\t\t\t<div class=\"row isotope-items-wrap  no-hide-last loadmore-wrapper-list\" data-load-item=\"10000000\" data-button-text=\"Load More\">\n\t\t\t\t<div class=\"col-md-12\">\t\t\t\t\n\t\t\t\t\t\n\t\t\t\t<div class=\"projects4 full-width isotope-item\" >\n                    <figure><img decoding=\"async\" src=\"https:\/\/cassocies.com\/wp-content\/uploads\/2022\/11\/V2_MyKey_Hostert_maison_3_4_arriere-2-740x435.png\" alt=\"Hostert II\" class=\"img-fluid\"><\/figure>\n                        <div class=\"caption\">\n                            <h6><span class=\"cat-divider\">UNDER CONSTRUCTION  <\/span><\/h6>\n                            <h4 class=\"project4-title\"><a href=\"https:\/\/cassocies.com\/en\/portfolio\/hostert-ii\/\">Hostert II<\/a><\/h4>\n                            <p>Hostert II Quatre maisons jumel\u00e9es deux par deux, situ\u00e9es sur la c\u00f4te verte et embois\u00e9e \u00e0 Hostert. Ann\u00e9e&hellip;<\/p>\n                            <div class=\"butn-dark mt-15\"> <a href=\"https:\/\/cassocies.com\/en\/portfolio\/hostert-ii\/\"><span>KNOW MORE<\/span><\/a> <\/div>\n                        <\/div>\n                <\/div>\t\t\n\t\t\t\t\t\n\t\t\t\t<div class=\"projects4 full-width isotope-item\" >\n                    <figure><img decoding=\"async\" src=\"https:\/\/cassocies.com\/wp-content\/uploads\/2022\/09\/RDS2-2-e1666940626950-740x435.png\" alt=\"RUE DES SOURCES II\" class=\"img-fluid\"><\/figure>\n                        <div class=\"caption\">\n                            <h6><span class=\"cat-divider\">UNDER CONSTRUCTION  <\/span><\/h6>\n                            <h4 class=\"project4-title\"><a href=\"https:\/\/cassocies.com\/en\/portfolio\/rue-des-sources-ii\/\">RUE DES SOURCES II<\/a><\/h4>\n                            <p>RUE DES SOURCES II Quatre maisons en jumell\u00e9es \u00e0 Weimerskirch Luxembourg. Ann\u00e9e : Q2 2023 Statut : En&hellip;<\/p>\n                            <div class=\"butn-dark mt-15\"> <a href=\"https:\/\/cassocies.com\/en\/portfolio\/rue-des-sources-ii\/\"><span>KNOW MORE<\/span><\/a> <\/div>\n                        <\/div>\n                <\/div>\t\t\n\t\t\t\t\t\n\t\t\t\t<div class=\"projects4 full-width isotope-item\" >\n                    <figure><img decoding=\"async\" src=\"https:\/\/cassocies.com\/wp-content\/uploads\/2022\/08\/Z21I-02-20220706-740x435.jpg\" alt=\"MUNSBACH\" class=\"img-fluid\"><\/figure>\n                        <div class=\"caption\">\n                            <h6><span class=\"cat-divider\">IN COMMERCIALIZATION  <\/span><span class=\"cat-divider\">IN DEVELOPMENT  <\/span><\/h6>\n                            <h4 class=\"project4-title\"><a href=\"https:\/\/cassocies.com\/en\/portfolio\/munsbach\/\">MUNSBACH<\/a><\/h4>\n                            <p>R\u00e9sidence CUBE \u00e0 Munsbach Une r\u00e9sidence R+3 de 7 unit\u00e9s en plein centre de Munsbach \u00e0 seulement 8&hellip;<\/p>\n                            <div class=\"butn-dark mt-15\"> <a href=\"https:\/\/cassocies.com\/en\/portfolio\/munsbach\/\"><span>KNOW MORE<\/span><\/a> <\/div>\n                        <\/div>\n                <\/div>\t\t\n\t\t\t\t\t\n\t\t\t\t<div class=\"projects4 full-width isotope-item\" >\n                    <figure><img decoding=\"async\" src=\"https:\/\/cassocies.com\/wp-content\/uploads\/2022\/08\/rue-notre-dame-apres-740x435.png\" alt=\"Rue notre dame\" class=\"img-fluid\"><\/figure>\n                        <div class=\"caption\">\n                            <h6><span class=\"cat-divider\">UNDER CONSTRUCTION  <\/span><\/h6>\n                            <h4 class=\"project4-title\"><a href=\"https:\/\/cassocies.com\/en\/portfolio\/rue-notre-dame\/\">Rue notre dame<\/a><\/h4>\n                            <p>R\u00c9SIDENCE GREVIG &#8211; RUE NOTRE DAME R\u00e9novation d&#8217;une r\u00e9sidence situ\u00e9e \u00e0 rue notre dame en plein centre ville&hellip;<\/p>\n                            <div class=\"butn-dark mt-15\"> <a href=\"https:\/\/cassocies.com\/en\/portfolio\/rue-notre-dame\/\"><span>KNOW MORE<\/span><\/a> <\/div>\n                        <\/div>\n                <\/div>\t\t\n\t\t\t\t\t\n\t\t\t\t<div class=\"projects4 full-width isotope-item\" >\n                    <figure><img decoding=\"async\" src=\"https:\/\/cassocies.com\/wp-content\/uploads\/2022\/08\/Pieton3-V2-1-740x435.png\" alt=\"KOBENBOUR\" class=\"img-fluid\"><\/figure>\n                        <div class=\"caption\">\n                            <h6><span class=\"cat-divider\">IN COMMERCIALIZATION  <\/span><span class=\"cat-divider\">UNDER CONSTRUCTION  <\/span><\/h6>\n                            <h4 class=\"project4-title\"><a href=\"https:\/\/cassocies.com\/en\/portfolio\/kobenbour\/\">KOBENBOUR<\/a><\/h4>\n                            <p>12 houses in quiet Kobenbour Year : 2024-2025 Status : Under construction<\/p>\n                            <div class=\"butn-dark mt-15\"> <a href=\"https:\/\/cassocies.com\/en\/portfolio\/kobenbour\/\"><span>KNOW MORE<\/span><\/a> <\/div>\n                        <\/div>\n                <\/div>\t\t\n\t\t\t\t\t\n\t\t\t\t<div class=\"projects4 full-width isotope-item\" >\n                    <figure><img decoding=\"async\" src=\"https:\/\/cassocies.com\/wp-content\/uploads\/2021\/09\/FacadeVue01-740x435.jpg\" alt=\"BRIDEL\" class=\"img-fluid\"><\/figure>\n                        <div class=\"caption\">\n                            <h6><span class=\"cat-divider\">REFERENCES  <\/span><\/h6>\n                            <h4 class=\"project4-title\"><a href=\"https:\/\/cassocies.com\/en\/portfolio\/bridel\/\">BRIDEL<\/a><\/h4>\n                            <p>Three houses in Bridel Expected delivery date : Q4 2022 Status : In progress Architect...<\/p>\n                            <div class=\"butn-dark mt-15\"> <a href=\"https:\/\/cassocies.com\/en\/portfolio\/bridel\/\"><span>KNOW MORE<\/span><\/a> <\/div>\n                        <\/div>\n                <\/div>\t\t\n\t\t\t\t\t\n\t\t\t\t<div class=\"projects4 full-width isotope-item\" >\n                    <figure><img decoding=\"async\" src=\"https:\/\/cassocies.com\/wp-content\/uploads\/2022\/09\/hotel-mercure-740x435.jpeg\" alt=\"H\u00d4TEL MERCURE OFF KIRCHBERG\" class=\"img-fluid\"><\/figure>\n                        <div class=\"caption\">\n                            <h6><span class=\"cat-divider\">REFERENCES  <\/span><\/h6>\n                            <h4 class=\"project4-title\"><a href=\"https:\/\/cassocies.com\/en\/portfolio\/hotel-mercure-off-kirchberg\/\">H\u00d4TEL MERCURE OFF KIRCHBERG<\/a><\/h4>\n                            <p>74 room hotel located in rue de Neudorf. Status : Delivered Architect...<\/p>\n                            <div class=\"butn-dark mt-15\"> <a href=\"https:\/\/cassocies.com\/en\/portfolio\/hotel-mercure-off-kirchberg\/\"><span>KNOW MORE<\/span><\/a> <\/div>\n                        <\/div>\n                <\/div>\t\t\n\t\t\t\t\t\n\t\t\t\t<div class=\"projects4 full-width isotope-item\" >\n                    <figure><img decoding=\"async\" src=\"https:\/\/cassocies.com\/wp-content\/uploads\/2022\/09\/59aa5ee9a138a359cd12cbe685389b00-1-1-601x435.jpeg\" alt=\"H\u00d4TEL IBIS BELVAL\" class=\"img-fluid\"><\/figure>\n                        <div class=\"caption\">\n                            <h6><span class=\"cat-divider\">REFERENCES  <\/span><\/h6>\n                            <h4 class=\"project4-title\"><a href=\"https:\/\/cassocies.com\/en\/portfolio\/hotel-ibis-belval\/\">H\u00d4TEL IBIS BELVAL<\/a><\/h4>\n                            <p>H\u00d4TEL IBIS BELVAL 110 chambres Ann\u00e9e : 2010 Statut : Livr\u00e9 Architecte : Bureau d&#8217;architecture BENG Localistion :&hellip;<\/p>\n                            <div class=\"butn-dark mt-15\"> <a href=\"https:\/\/cassocies.com\/en\/portfolio\/hotel-ibis-belval\/\"><span>KNOW MORE<\/span><\/a> <\/div>\n                        <\/div>\n                <\/div>\t\t\n\t\t\t\t\t\n\t\t\t\t<div class=\"projects4 full-width isotope-item\" >\n                    <figure><img decoding=\"async\" src=\"https:\/\/cassocies.com\/wp-content\/uploads\/2022\/09\/Residence-Gordon-Smith-740x435.jpg\" alt=\"R\u00c9SIDENCE GORDON SMITH\" class=\"img-fluid\"><\/figure>\n                        <div class=\"caption\">\n                            <h6><span class=\"cat-divider\">REFERENCES  <\/span><\/h6>\n                            <h4 class=\"project4-title\"><a href=\"https:\/\/cassocies.com\/en\/portfolio\/residence-gordon-smith\/\">RESIDENCE GORDON SMITH<\/a><\/h4>\n                            <p>22 apartments and 2 shops in the center of Colmar-Berg Year: 2021<\/p>\n                            <div class=\"butn-dark mt-15\"> <a href=\"https:\/\/cassocies.com\/en\/portfolio\/residence-gordon-smith\/\"><span>KNOW MORE<\/span><\/a> <\/div>\n                        <\/div>\n                <\/div>\t\t\n\t\t\t\t\t\n\t\t\t\t<div class=\"projects4 full-width isotope-item\" >\n                    <figure><img decoding=\"async\" src=\"https:\/\/cassocies.com\/wp-content\/uploads\/2022\/09\/1-FINAL-e1662476172266-740x435.jpg\" alt=\"R\u00c9SIDENCE MOZART\" class=\"img-fluid\"><\/figure>\n                        <div class=\"caption\">\n                            <h6><span class=\"cat-divider\">REFERENCES  <\/span><\/h6>\n                            <h4 class=\"project4-title\"><a href=\"https:\/\/cassocies.com\/en\/portfolio\/residence-mozart\/\">RESIDENCE MOZART<\/a><\/h4>\n                            <p>3 Triplexes in Weimeskirch Luxembourg Year: 2019 Architect: Heisbourg Strotz Architectes Address: Weimerskirch, Luxembourg<\/p>\n                            <div class=\"butn-dark mt-15\"> <a href=\"https:\/\/cassocies.com\/en\/portfolio\/residence-mozart\/\"><span>KNOW MORE<\/span><\/a> <\/div>\n                        <\/div>\n                <\/div>\t\t\n\t\t\t\t\t\n\t\t\t\t<div class=\"projects4 full-width isotope-item\" >\n                    <figure><img decoding=\"async\" src=\"https:\/\/cassocies.com\/wp-content\/uploads\/2019\/09\/eich-1-740x435.jpg\" alt=\"R\u00c9SIDENCE C\u00d4TE D&#8217;EICH\" class=\"img-fluid\"><\/figure>\n                        <div class=\"caption\">\n                            <h6><span class=\"cat-divider\">REFERENCES  <\/span><\/h6>\n                            <h4 class=\"project4-title\"><a href=\"https:\/\/cassocies.com\/en\/portfolio\/residence-cote-deich\/\">R\u00c9SIDENCE C\u00d4TE D&#8217;EICH<\/a><\/h4>\n                            <p>R\u00e9sidence C\u00f4te d&#8217;Eich R\u00e9sidence \u00e0 17 appartements sur la C\u00f4te d&#8217;Eich Luxembourg Ann\u00e9e : 2017 Statut : Livr\u00e9&hellip;<\/p>\n                            <div class=\"butn-dark mt-15\"> <a href=\"https:\/\/cassocies.com\/en\/portfolio\/residence-cote-deich\/\"><span>KNOW MORE<\/span><\/a> <\/div>\n                        <\/div>\n                <\/div>\t\t\n\t\t\t\t\t\n\t\t\t\t<div class=\"projects4 full-width isotope-item\" >\n                    <figure><img decoding=\"async\" src=\"https:\/\/cassocies.com\/wp-content\/uploads\/2022\/09\/7aa67cb2a6cc5a0ecfca7c8f23b95176-740x435.jpeg\" alt=\"LIVANGE\" class=\"img-fluid\"><\/figure>\n                        <div class=\"caption\">\n                            <h6><span class=\"cat-divider\">REFERENCES  <\/span><\/h6>\n                            <h4 class=\"project4-title\"><a href=\"https:\/\/cassocies.com\/en\/portfolio\/livange\/\">LIVANGE<\/a><\/h4>\n                            <p>1 restaurant - 1 day care center for the elderly - 5 office spaces Year :...<\/p>\n                            <div class=\"butn-dark mt-15\"> <a href=\"https:\/\/cassocies.com\/en\/portfolio\/livange\/\"><span>KNOW MORE<\/span><\/a> <\/div>\n                        <\/div>\n                <\/div>\t\t\n\t\t\t\t\t\n\t\t\t\t<div class=\"projects4 full-width isotope-item\" >\n                    <figure><img decoding=\"async\" src=\"https:\/\/cassocies.com\/wp-content\/uploads\/2022\/09\/5f01f07c3e016c7a70a287af66933a11.bmp\" alt=\"R\u00c9SIDENCE GABRIEL\" class=\"img-fluid\"><\/figure>\n                        <div class=\"caption\">\n                            <h6><span class=\"cat-divider\">REFERENCES  <\/span><\/h6>\n                            <h4 class=\"project4-title\"><a href=\"https:\/\/cassocies.com\/en\/portfolio\/residence-gabriel\/\">RESIDENCE GABRIEL<\/a><\/h4>\n                            <p>14 apartments Year : 2010 Status : Delivered Architect : Paczowski &amp; Fritsch in Luxembourg<\/p>\n                            <div class=\"butn-dark mt-15\"> <a href=\"https:\/\/cassocies.com\/en\/portfolio\/residence-gabriel\/\"><span>KNOW MORE<\/span><\/a> <\/div>\n                        <\/div>\n                <\/div>\t\t\n\t\t\t\t\t\n\t\t\t\t<div class=\"projects4 full-width isotope-item\" >\n                    <figure><img decoding=\"async\" src=\"https:\/\/cassocies.com\/wp-content\/uploads\/2022\/09\/rue-des-sources-05-scaled-e1662542761212-740x435.jpg\" alt=\"RUE DES SOURCES I\" class=\"img-fluid\"><\/figure>\n                        <div class=\"caption\">\n                            <h6><span class=\"cat-divider\">REFERENCES  <\/span><\/h6>\n                            <h4 class=\"project4-title\"><a href=\"https:\/\/cassocies.com\/en\/portfolio\/rue-des-sources-1\/\">RUE DES SOURCES I<\/a><\/h4>\n                            <p>Four houses in Weimerskirch Luxembourg Year : 2017 Status : Delivered Architect...<\/p>\n                            <div class=\"butn-dark mt-15\"> <a href=\"https:\/\/cassocies.com\/en\/portfolio\/rue-des-sources-1\/\"><span>KNOW MORE<\/span><\/a> <\/div>\n                        <\/div>\n                <\/div>\t\t\n\t\t\t\t\t\n\t\t\t\t<div class=\"projects4 full-width isotope-item\" >\n                    <figure><img decoding=\"async\" src=\"https:\/\/cassocies.com\/wp-content\/uploads\/2022\/09\/f3a1d0ccc8f7570b8267dd7d7d64c877_2-740x435.jpg\" alt=\"Hostert I\" class=\"img-fluid\"><\/figure>\n                        <div class=\"caption\">\n                            <h6><span class=\"cat-divider\">REFERENCES  <\/span><\/h6>\n                            <h4 class=\"project4-title\"><a href=\"https:\/\/cassocies.com\/en\/portfolio\/hostert-1\/\">Hostert I<\/a><\/h4>\n                            <p>Hostert I 2 maisons \u00e0 Hostert Ann\u00e9e : 2016 Statut : Livr\u00e9 Architecte : Heisbourg Strotz Architectes Localisation&hellip;<\/p>\n                            <div class=\"butn-dark mt-15\"> <a href=\"https:\/\/cassocies.com\/en\/portfolio\/hostert-1\/\"><span>KNOW MORE<\/span><\/a> <\/div>\n                        <\/div>\n                <\/div>\t\t\n\t\t\t\t\t\t\t\t<\/div>\t\t\t\n\t\t\t<\/div>\n\t\t\t<\/div>\n\t\t<\/div>\n\t\t\n        \t\t<\/div>\n\t\t\t\t<\/div>\n\t\t\t\t\t<\/div>\n\t\t<\/div>\n\t\t\t\t<div class=\"elementor-column elementor-col-33 elementor-top-column elementor-element elementor-element-da16e91\" data-id=\"da16e91\" data-element_type=\"column\">\n\t\t\t<div class=\"elementor-widget-wrap\">\n\t\t\t\t\t\t\t\t\t<\/div>\n\t\t<\/div>\n\t\t\t\t\t\t\t<\/div>\n\t\t<\/section>\n\t\t\t\t\t\t\t<\/div>","protected":false},"excerpt":{"rendered":"<p>NOS PROJETS EN VENTE &#8211; PROJET &#8211; PULSE https:\/\/cassocies.com\/wp-content\/uploads\/2024\/02\/Belval_Animation_courte_V3.mp4 SAVOIR PLUS EN CONSTRUCTION Hostert II Hostert II Quatre maisons jumel\u00e9es deux par deux, situ\u00e9es sur la c\u00f4te verte et embois\u00e9e \u00e0 Hostert. Ann\u00e9e\u2026 SAVOIR PLUS EN CONSTRUCTION RUE DES SOURCES II RUE DES SOURCES II Quatre maisons en jumell\u00e9es \u00e0 Weimerskirch Luxembourg. Ann\u00e9e : Q2 2023 Statut : En\u2026 SAVOIR&#8230;<\/p>","protected":false},"author":2,"featured_media":0,"parent":0,"menu_order":0,"comment_status":"closed","ping_status":"closed","template":"elementor_theme","meta":{"footnotes":"","_links_to":"","_links_to_target":""},"class_list":["post-1299","page","type-page","status-publish","hentry"],"_links":{"self":[{"href":"https:\/\/cassocies.com\/en\/wp-json\/wp\/v2\/pages\/1299","targetHints":{"allow":["GET"]}}],"collection":[{"href":"https:\/\/cassocies.com\/en\/wp-json\/wp\/v2\/pages"}],"about":[{"href":"https:\/\/cassocies.com\/en\/wp-json\/wp\/v2\/types\/page"}],"author":[{"embeddable":true,"href":"https:\/\/cassocies.com\/en\/wp-json\/wp\/v2\/users\/2"}],"replies":[{"embeddable":true,"href":"https:\/\/cassocies.com\/en\/wp-json\/wp\/v2\/comments?post=1299"}],"version-history":[{"count":40,"href":"https:\/\/cassocies.com\/en\/wp-json\/wp\/v2\/pages\/1299\/revisions"}],"predecessor-version":[{"id":4529,"href":"https:\/\/cassocies.com\/en\/wp-json\/wp\/v2\/pages\/1299\/revisions\/4529"}],"wp:attachment":[{"href":"https:\/\/cassocies.com\/en\/wp-json\/wp\/v2\/media?parent=1299"}],"curies":[{"name":"wp","href":"https:\/\/api.w.org\/{rel}","templated":true}]}}